{"id":495,"date":"2026-04-12T14:41:31","date_gmt":"2026-04-12T12:41:31","guid":{"rendered":"https:\/\/spinandshine.com.pl\/?page_id=495"},"modified":"2026-04-12T15:57:29","modified_gmt":"2026-04-12T13:57:29","slug":"regulamin","status":"publish","type":"page","link":"https:\/\/spinandshine.com.pl\/?page_id=495","title":{"rendered":"Regulamin"},"content":{"rendered":"\t\t<div data-elementor-type=\"wp-page\" data-elementor-id=\"495\" class=\"elementor elementor-495\" data-elementor-post-type=\"page\">\n\t\t\t\t<div class=\"elementor-element elementor-element-bdfd97e e-flex e-con-boxed e-con e-parent\" data-id=\"bdfd97e\" data-element_type=\"container\" data-e-type=\"container\">\n\t\t\t\t\t<div class=\"e-con-inner\">\n\t\t\t\t<div class=\"elementor-element elementor-element-9fde3f2 elementor-hidden-mobile elementor-widget elementor-widget-spacer\" data-id=\"9fde3f2\" data-element_type=\"widget\" data-e-type=\"widget\" data-widget_type=\"spacer.default\">\n\t\t\t\t\t\t\t<div class=\"elementor-spacer\">\n\t\t\t<div class=\"elementor-spacer-inner\"><\/div>\n\t\t<\/div>\n\t\t\t\t\t\t<\/div>\n\t\t\t\t<div class=\"elementor-element elementor-element-2c33d36 elementor-widget elementor-widget-heading\" data-id=\"2c33d36\" data-element_type=\"widget\" data-e-type=\"widget\" data-widget_type=\"heading.default\">\n\t\t\t\t\t<h2 class=\"elementor-heading-title elementor-size-default\">Regulamin<\/h2>\t\t\t\t<\/div>\n\t\t\t\t<div class=\"elementor-element elementor-element-e07b37b elementor-widget elementor-widget-heading\" data-id=\"e07b37b\" data-element_type=\"widget\" data-e-type=\"widget\" data-widget_type=\"heading.default\">\n\t\t\t\t\t<h3 class=\"elementor-heading-title elementor-size-default\">Martyna Szymaniak SPIN &amp; SHINE<\/h3>\t\t\t\t<\/div>\n\t\t\t\t<div class=\"elementor-element elementor-element-a934003 elementor-widget elementor-widget-text-editor\" data-id=\"a934003\" data-element_type=\"widget\" data-e-type=\"widget\" data-widget_type=\"text-editor.default\">\n\t\t\t\t\t\t\t\t\t<p class=\"p1\"><b>\u00a71. UCZESTNICTWO W ZAJ\u0118CIACH, ZAPISY, ODRABIANIE I <\/b><b>ODWO\u0141YWANIE ZAJ\u0118\u0106<\/b><\/p><p class=\"p2\">1.1. Zapisanie si\u0119 na zaj\u0119cia organizowane przez Martyna Szymaniak SPIN &amp; SHINE jest<\/p><p class=\"p2\">r\u00f3wnoznaczne z akceptacj\u0105 niniejszego regulaminu oraz wyra\u017ceniem zgody na<\/p><p class=\"p2\">przetwarzanie danych osobowych w celach organizacyjnych i marketingowych, zgodnie z<\/p><p class=\"p2\">obowi\u0105zuj\u0105cymi przepisami prawa.<\/p><p class=\"p2\">1.2. Nieznajomo\u015b\u0107 regulaminu nie zwalnia uczestnika z obowi\u0105zku jego przestrzegania.<\/p><p class=\"p2\">1.3. SPIN &amp; SHINE zastrzega sobie prawo do zmiany niniejszego regulaminu w dowolnym<\/p><p class=\"p2\">czasie. Informacja o zmianach b\u0119dzie publikowana na oficjalnych kana\u0142ach komunikacji<\/p><p class=\"p2\">(strona internetowa, media spo\u0142eczno\u015bciowe).<\/p><p class=\"p2\">1.4. W zaj\u0119ciach mog\u0105 uczestniczy\u0107 osoby pe\u0142noletnie oraz osoby niepe\u0142noletnie wy\u0142\u0105cznie<\/p><p class=\"p2\">za pisemn\u0105 zgod\u0105 rodzica lub opiekuna prawnego.<\/p><p class=\"p2\">1.5. Uczestnictwo w zaj\u0119ciach mo\u017cliwe jest po wykupieniu karnetu lub pojedynczego<\/p><p class=\"p2\">wej\u015bcia, zgodnie z aktualn\u0105 ofert\u0105.<\/p><p class=\"p2\">1.6. Zapisy na zaj\u0119cia odbywaj\u0105 si\u0119 poprzez:<\/p><p class=\"p2\">\u2013 formularz lub wiadomo\u015b\u0107 w mediach spo\u0142eczno\u015bciowych,<\/p><p class=\"p2\">\u2013 kontakt telefoniczny,<\/p><p class=\"p2\">\u2013 wiadomo\u015b\u0107 e-mail,<\/p><p class=\"p2\">\u2013 osobi\u015bcie w siedzibie SPIN &amp; SHINE.<\/p><p class=\"p2\">1.7. Liczba miejsc w grupach jest ograniczona. Minimalna liczba uczestnik\u00f3w niezb\u0119dna do<\/p><p class=\"p2\">uruchomienia zaj\u0119\u0107 wynosi 3 osoby.<\/p><p class=\"p2\">1.8. Po zape\u0142nieniu grupy zapisy zostaj\u0105 zamkni\u0119te, a kolejne osoby wpisywane s\u0105 na list\u0119<\/p><p class=\"p2\">rezerwow\u0105.<\/p><p class=\"p2\">1.9. Op\u0142ata za karnet musi zosta\u0107 uiszczona w ca\u0142o\u015bci z g\u00f3ry w dniu jego aktywacji. Karnet<\/p><p class=\"p2\">zostaje aktywowany w dniu dokonania p\u0142atno\u015bci i jest wa\u017cny przez okres 1 miesi\u0105ca (30 dni)<\/p><p class=\"p2\">od tej daty. Niewykorzystane wej\u015bcia nie przechodz\u0105 na kolejny okres rozliczeniowy, lecz<\/p><p class=\"p2\">mog\u0105 zosta\u0107 odrobione zgodnie z pkt 1.12\u20131.13.<\/p><p class=\"p2\">1.10. Op\u0142ata za karnet gwarantuje miejsce w wybranej grupie, w okre\u015blonym dniu i godzinie.<\/p><p class=\"p2\">1.11. Nieobecno\u015b\u0107 na zaj\u0119ciach nale\u017cy zg\u0142osi\u0107 najp\u00f3\u017aniej 16 godzin przed ich rozpocz\u0119ciem.<\/p><p class=\"p2\">W przeciwnym razie mo\u017cliwo\u015b\u0107 odrobienia zaj\u0119\u0107 przepada.1.12. Odrobienie zaj\u0119\u0107 mo\u017cliwe jest w innych grupach, pod warunkiem dost\u0119pno\u015bci wolnych<\/p><p class=\"p2\">miejsc. Informacje o dost\u0119pno\u015bci publikowane s\u0105 w mediach spo\u0142eczno\u015bciowych SPIN &amp;<\/p><p class=\"p2\">SHINE. Rezerwacji nale\u017cy dokona\u0107 poprzez wiadomo\u015b\u0107 prywatn\u0105.<\/p><p class=\"p2\">1.13. Zaj\u0119cia odbywaj\u0105 si\u0119 przy obecno\u015bci minimum 3 uczestnik\u00f3w. W przypadku ni\u017cszej<\/p><p class=\"p2\">frekwencji zaj\u0119cia mog\u0105 przyj\u0105\u0107 form\u0119 Open Pole (treningu w\u0142asnego), a uczestnik<\/p><p class=\"p2\">zachowuje prawo do ich odrobienia.<\/p><p class=\"p2\">1.14. Karnet mo\u017ce zosta\u0107 przepisany na inn\u0105 osob\u0119 po wcze\u015bniejszym poinformowaniu<\/p><p class=\"p2\">instruktora.<\/p><p class=\"p2\">1.15. Nieobecno\u015b\u0107 uczestnika lub rezygnacja w trakcie trwania karnetu nie stanowi<\/p><p class=\"p2\">podstawy do zwrotu wniesionej op\u0142aty.<\/p><p class=\"p2\">1.16. Pierwsze\u0144stwo udzia\u0142u w zaj\u0119ciach maj\u0105 osoby posiadaj\u0105ce aktywny karnet<\/p><p class=\"p2\">przypisany do danej grupy.<\/p><p class=\"p2\">1.17. W przypadku niewystarczaj\u0105cej liczby uczestnik\u00f3w SPIN &amp; SHINE zastrzega sobie<\/p><p class=\"p2\">prawo do rozwi\u0105zania grupy oraz zaproponowania alternatywnych termin\u00f3w.<\/p><p class=\"p2\">1.18. W razie niedyspozycji instruktora SPIN &amp; SHINE zastrzega sobie prawo do<\/p><p class=\"p2\">wyznaczenia zast\u0119pstwa bez konieczno\u015bci wcze\u015bniejszego informowania uczestnik\u00f3w.<\/p><p class=\"p2\">1.19. W sytuacjach losowych SPIN &amp; SHINE ma prawo odwo\u0142a\u0107 zaj\u0119cia. Zaj\u0119cia zostan\u0105<\/p><p class=\"p2\">odrobione w innym terminie, a w przypadku braku takiej mo\u017cliwo\u015bci \u2013 ich warto\u015b\u0107 zostanie<\/p><p class=\"p2\">przeniesiona na inne zaj\u0119cia.<\/p><p class=\"p2\">1.20. Korzystanie z Open Pole odbywa si\u0119 na zasadach okre\u015blonych w aktualnej ofercie.<\/p><p class=\"p2\">1.21. Open Pole odbywa si\u0119 bez udzia\u0142u instruktora.<\/p><p class=\"p1\"><b>\u00a72. CENNIK<\/b><\/p><p class=\"p2\">2.1. Aktualne ceny karnet\u00f3w oraz us\u0142ug dost\u0119pne s\u0105 na oficjalnych kana\u0142ach SPIN &amp; SHINE.<\/p><p class=\"p2\">2.2. SPIN &amp; SHINE zastrzega sobie prawo do zmiany cennika. Informacja o zmianach<\/p><p class=\"p2\">publikowana b\u0119dzie z co najmniej 14-dniowym wyprzedzeniem.<\/p><p class=\"p1\"><b>\u00a73. BEZPIECZE\u0143STWO<\/b><\/p><p class=\"p2\">3.1. Uczestnik bierze udzia\u0142 w zaj\u0119ciach na w\u0142asn\u0105 odpowiedzialno\u015b\u0107.<\/p><p class=\"p2\">3.2. Uczestnik zobowi\u0105zany jest do upewnienia si\u0119, \u017ce jego stan zdrowia pozwala na udzia\u0142<\/p><p class=\"p2\">w zaj\u0119ciach.3.3. Uczestnik jest \u015bwiadomy ryzyka wyst\u0105pienia kontuzji, otar\u0107, oparze\u0144 oraz innych uraz\u00f3w<\/p><p class=\"p2\">zwi\u0105zanych z aktywno\u015bci\u0105 fizyczn\u0105.<\/p><p class=\"p2\">3.4. SPIN &amp; SHINE nie ponosi odpowiedzialno\u015bci za rzeczy warto\u015bciowe pozostawione na<\/p><p class=\"p2\">terenie obiektu. Zaleca si\u0119 zabieranie ich ze sob\u0105 na sal\u0119.<\/p><p class=\"p2\">3.5. Uczestnik zobowi\u0105zany jest do posiadania odpowiedniego stroju sportowego.<\/p><p class=\"p2\">3.6. Na sali obowi\u0105zuje zmiana obuwia lub trening boso.<\/p><p class=\"p2\">3.7. W dniu zaj\u0119\u0107 zabrania si\u0119 stosowania balsam\u00f3w i olejk\u00f3w na sk\u00f3r\u0119.<\/p><p class=\"p2\">3.8. Na czas zaj\u0119\u0107 nale\u017cy zdj\u0105\u0107 bi\u017cuteri\u0119.<\/p><p class=\"p2\">3.9. Uczestnik zobowi\u0105zany jest do dbania o sprz\u0119t oraz zg\u0142aszania wszelkich<\/p><p class=\"p2\">nieprawid\u0142owo\u015bci.<\/p><p class=\"p2\">3.10. Rury nale\u017cy czy\u015bci\u0107 wy\u0142\u0105cznie \u015brodkami wskazanymi przez instruktora.<\/p><p class=\"p2\">3.11. Zabrania si\u0119 samodzielnego regulowania sprz\u0119tu bez zgody instruktora.<\/p><p class=\"p2\">3.12. Na sali mo\u017cna przebywa\u0107 wy\u0142\u0105cznie za zgod\u0105 instruktora i zgodnie z jego poleceniami.<\/p><p class=\"p2\">3.13. \u0106wiczenia zaawansowane mog\u0105 by\u0107 wykonywane wy\u0142\u0105cznie za zgod\u0105 lub pod<\/p><p class=\"p2\">nadzorem instruktora.<\/p><p class=\"p2\">3.14. Instruktor nie ponosi odpowiedzialno\u015bci za osoby niepe\u0142noletnie pozostawione bez<\/p><p class=\"p2\">opieki poza zaj\u0119ciami.<\/p><p class=\"p1\"><b>\u00a74. POSTANOWIENIA KO\u0143COWE<\/b><\/p><p class=\"p2\">4.1. Na terenie SPIN &amp; SHINE obowi\u0105zuje zachowanie czysto\u015bci oraz kultury osobistej.<\/p><p class=\"p2\">4.2. Obowi\u0105zuje ca\u0142kowity zakaz palenia tytoniu, spo\u017cywania alkoholu oraz \u015brodk\u00f3w<\/p><p class=\"p2\">odurzaj\u0105cych.<\/p><p class=\"p2\">4.3. Osoby znajduj\u0105ce si\u0119 pod wp\u0142ywem alkoholu lub innych \u015brodk\u00f3w odurzaj\u0105cych nie<\/p><p class=\"p2\">zostan\u0105 dopuszczone do zaj\u0119\u0107. Op\u0142ata za zaj\u0119cia nie podlega w takim przypadku zwrotowi.<\/p><p class=\"p2\">4.4. Uczestnik ponosi odpowiedzialno\u015b\u0107 materialn\u0105 za szkody wyrz\u0105dzone na terenie SPIN<\/p><p class=\"p2\">&amp; SHINE.<\/p><p class=\"p2\">4.5. SPIN &amp; SHINE mo\u017ce wykonywa\u0107 zdj\u0119cia i nagrania podczas zaj\u0119\u0107 wy\u0142\u0105cznie za<\/p><p class=\"p2\">uprzedni\u0105 zgod\u0105 uczestnika. Wyra\u017cenie zgody obejmuje wykorzystanie wizerunku w celach<\/p><p class=\"p2\">promocyjnych i marketingowych.<\/p>\t\t\t\t\t\t\t\t<\/div>\n\t\t\t\t<div class=\"elementor-element elementor-element-f1881be elementor-widget elementor-widget-spacer\" data-id=\"f1881be\" data-element_type=\"widget\" data-e-type=\"widget\" data-widget_type=\"spacer.default\">\n\t\t\t\t\t\t\t<div class=\"elementor-spacer\">\n\t\t\t<div class=\"elementor-spacer-inner\"><\/div>\n\t\t<\/div>\n\t\t\t\t\t\t<\/div>\n\t\t\t\t\t<\/div>\n\t\t\t\t<\/div>\n\t\t\t\t<\/div>\n\t\t","protected":false},"excerpt":{"rendered":"<p>Regulamin Martyna Szymaniak SPIN &amp; SHINE \u00a71. UCZESTNICTWO W ZAJ\u0118CIACH, ZAPISY, ODRABIANIE I ODWO\u0141YWANIE ZAJ\u0118\u0106 1.1. Zapisanie si\u0119 na zaj\u0119cia organizowane przez Martyna Szymaniak SPIN &amp; SHINE jest r\u00f3wnoznaczne z akceptacj\u0105 niniejszego regulaminu oraz wyra\u017ceniem zgody na przetwarzanie danych osobowych w celach organizacyjnych i marketingowych, zgodnie z obowi\u0105zuj\u0105cymi przepisami prawa. 1.2. Nieznajomo\u015b\u0107 regulaminu nie zwalnia [&hellip;]<\/p>\n","protected":false},"author":1,"featured_media":0,"parent":0,"menu_order":0,"comment_status":"closed","ping_status":"closed","template":"","meta":{"footnotes":""},"class_list":["post-495","page","type-page","status-publish","hentry"],"_links":{"self":[{"href":"https:\/\/spinandshine.com.pl\/index.php?rest_route=\/wp\/v2\/pages\/495","targetHints":{"allow":["GET"]}}],"collection":[{"href":"https:\/\/spinandshine.com.pl\/index.php?rest_route=\/wp\/v2\/pages"}],"about":[{"href":"https:\/\/spinandshine.com.pl\/index.php?rest_route=\/wp\/v2\/types\/page"}],"author":[{"embeddable":true,"href":"https:\/\/spinandshine.com.pl\/index.php?rest_route=\/wp\/v2\/users\/1"}],"replies":[{"embeddable":true,"href":"https:\/\/spinandshine.com.pl\/index.php?rest_route=%2Fwp%2Fv2%2Fcomments&post=495"}],"version-history":[{"count":16,"href":"https:\/\/spinandshine.com.pl\/index.php?rest_route=\/wp\/v2\/pages\/495\/revisions"}],"predecessor-version":[{"id":607,"href":"https:\/\/spinandshine.com.pl\/index.php?rest_route=\/wp\/v2\/pages\/495\/revisions\/607"}],"wp:attachment":[{"href":"https:\/\/spinandshine.com.pl\/index.php?rest_route=%2Fwp%2Fv2%2Fmedia&parent=495"}],"curies":[{"name":"wp","href":"https:\/\/api.w.org\/{rel}","templated":true}]}}