{"id":3,"date":"2025-09-09T17:20:01","date_gmt":"2025-09-09T15:20:01","guid":{"rendered":"http:\/\/spinandshine.com.pl\/?page_id=3"},"modified":"2026-04-12T16:00:59","modified_gmt":"2026-04-12T14:00:59","slug":"polityka-prywatnosci","status":"publish","type":"page","link":"https:\/\/spinandshine.com.pl\/?page_id=3","title":{"rendered":"Polityka prywatno\u015bci"},"content":{"rendered":"\t\t<div data-elementor-type=\"wp-page\" data-elementor-id=\"3\" class=\"elementor elementor-3\" data-elementor-post-type=\"page\">\n\t\t\t\t<div class=\"elementor-element elementor-element-ee43a2c e-flex e-con-boxed e-con e-parent\" data-id=\"ee43a2c\" data-element_type=\"container\" data-e-type=\"container\">\n\t\t\t\t\t<div class=\"e-con-inner\">\n\t\t\t\t<div class=\"elementor-element elementor-element-b7e1c08 elementor-hidden-mobile elementor-widget elementor-widget-spacer\" data-id=\"b7e1c08\" data-element_type=\"widget\" data-e-type=\"widget\" data-widget_type=\"spacer.default\">\n\t\t\t\t\t\t\t<div class=\"elementor-spacer\">\n\t\t\t<div class=\"elementor-spacer-inner\"><\/div>\n\t\t<\/div>\n\t\t\t\t\t\t<\/div>\n\t\t\t\t<div class=\"elementor-element elementor-element-803ff4b elementor-widget elementor-widget-heading\" data-id=\"803ff4b\" data-element_type=\"widget\" data-e-type=\"widget\" data-widget_type=\"heading.default\">\n\t\t\t\t\t<h2 class=\"elementor-heading-title elementor-size-default\">Polityka prywatno\u015bci<\/h2>\t\t\t\t<\/div>\n\t\t\t\t<div class=\"elementor-element elementor-element-74b36ca elementor-widget elementor-widget-heading\" data-id=\"74b36ca\" data-element_type=\"widget\" data-e-type=\"widget\" data-widget_type=\"heading.default\">\n\t\t\t\t\t<h3 class=\"elementor-heading-title elementor-size-default\">Martyna Szymaniak SPIN &amp; SHINE<\/h3>\t\t\t\t<\/div>\n\t\t\t\t\t<\/div>\n\t\t\t\t<\/div>\n\t\t<div class=\"elementor-element elementor-element-d2fda58 e-flex e-con-boxed e-con e-parent\" data-id=\"d2fda58\" data-element_type=\"container\" data-e-type=\"container\">\n\t\t\t\t\t<div class=\"e-con-inner\">\n\t\t\t\t<div class=\"elementor-element elementor-element-68df8258 elementor-widget elementor-widget-text-editor\" data-id=\"68df8258\" data-element_type=\"widget\" data-e-type=\"widget\" data-widget_type=\"text-editor.default\">\n\t\t\t\t\t\t\t\t\t<p class=\"p1\"><b>\u00a71. POSTANOWIENIA OG\u00d3LNE<\/b><\/p><p class=\"p2\">1.1. Niniejsza Polityka prywatno\u015bci okre\u015bla zasady przetwarzania danych osobowych przez Martyna Szymaniak SPIN &amp; SHINE (dalej:\u201eAdministrator\u201d).<\/p><p class=\"p2\">1.2. Administrator dok\u0142ada szczeg\u00f3lnej staranno\u015bci w celu ochrony prywatno\u015bci os\u00f3b, kt\u00f3rych dane dotycz\u0105, oraz zapewnia, \u017ce dane osobowe przetwarzane s\u0105 zgodnie z obowi\u0105zuj\u0105cymi przepisami prawa, w szczeg\u00f3lno\u015bci z Rozporz\u0105dzeniem Parlamentu Europejskiego i Rady (UE) 2016\/679 (RODO).<\/p><p class=\"p2\">1.3. Kontakt z Administratorem mo\u017cliwy jest poprzez:<\/p><p class=\"p3\"><span class=\"s1\">\u2013 adres e-mail: <\/span><a href=\"mailto:kontakt@spinandshine.com.pl\">kontakt@spinandshine.com.pl<\/a><span class=\"s1\"> ,<\/span><\/p><p class=\"p2\">\u2013 numer telefonu: <a href=\"tel:+48509665709\">509665709<\/a>.<\/p><p class=\"p1\"><b>\u00a72. ZAKRES PRZETWARZANYCH DANYCH<\/b><\/p><p class=\"p2\">2.1. Administrator mo\u017ce przetwarza\u0107 nast\u0119puj\u0105ce dane osobowe:<\/p><p class=\"p2\">\u2013 imi\u0119 i nazwisko,<\/p><p class=\"p2\">\u2013 numer telefonu,<\/p><p class=\"p2\">\u2013 adres e-mail,<\/p><p class=\"p2\">\u2013 wizerunek (w przypadku wyra\u017cenia zgody),<\/p><p class=\"p2\">\u2013 inne dane podane dobrowolnie przez uczestnika w procesie zapisu.<\/p><p class=\"p2\">2.2. Podanie danych osobowych jest dobrowolne, jednak niezb\u0119dne do zapisania si\u0119 na zaj\u0119cia oraz realizacji us\u0142ug.<\/p><p class=\"p1\"><b>\u00a73. CELE I PODSTAWY PRZETWARZANIA DANYCH<\/b><\/p><p class=\"p2\">3.1. Dane osobowe przetwarzane s\u0105 w nast\u0119puj\u0105cych celach:<\/p><p class=\"p2\">a) organizacji i realizacji zaj\u0119\u0107 \u2013 na podstawie art. 6 ust. 1 lit. b RODO (wykonanie umowy),<\/p><p class=\"p2\">b) kontaktu z uczestnikiem \u2013 na podstawie art. 6 ust. 1 lit. b RODO,<\/p><p class=\"p2\">c) marketingu w\u0142asnych us\u0142ug (np. informacje o zaj\u0119ciach, promocjach) \u2013 na podstawie art. 6 ust. 1 lit. a RODO (zgoda),<\/p><p class=\"p2\">d) publikacji wizerunku w materia\u0142ach promocyjnych \u2013 na podstawie dobrowolnej zgody (art. 6 ust. 1 lit. a RODO),<\/p><p class=\"p2\">e) dochodzenia roszcze\u0144 lub obrony przed roszczeniami \u2013 na podstawie art. 6 ust. 1 lit. f RODO (uzasadniony interes Administratora).<\/p><p class=\"p2\"><span class=\"s3\"><b>\u00a74. ODBIORCY DANYCH<\/b><\/span><\/p><p class=\"p2\">4.1. Dane osobowe mog\u0105 by\u0107 przekazywane podmiotom wspieraj\u0105cym Administratora w prowadzeniu dzia\u0142alno\u015bci, w szczeg\u00f3lno\u015bci:<\/p><p class=\"p2\">\u2013 dostawcom us\u0142ug IT,<\/p><p class=\"p2\">\u2013 podmiotom obs\u0142uguj\u0105cym media spo\u0142eczno\u015bciowe,<\/p><p class=\"p2\">\u2013 podmiotom \u015bwiadcz\u0105cym us\u0142ugi ksi\u0119gowe.<\/p><p class=\"p2\">4.2. Dane nie b\u0119d\u0105 przekazywane do pa\u0144stw trzecich ani organizacji mi\u0119dzynarodowych, chyba \u017ce b\u0119dzie to konieczne w zwi\u0105zku z korzystaniem z narz\u0119dzi (np. platform spo\u0142eczno\u015bciowych), zgodnie z ich regulaminami.<\/p><p class=\"p1\"><b>\u00a75. OKRES PRZECHOWYWANIA DANYCH<\/b><\/p><p class=\"p2\">5.1. Dane osobowe b\u0119d\u0105 przechowywane:<\/p><p class=\"p2\">\u2013 przez czas trwania wsp\u00f3\u0142pracy oraz korzystania z us\u0142ug,<\/p><p class=\"p2\">\u2013 przez okres wymagany przepisami prawa (np. podatkowymi),<\/p><p class=\"p2\">\u2013 do momentu cofni\u0119cia zgody \u2013 w przypadku danych przetwarzanych na podstawie zgody,<\/p><p class=\"p2\">\u2013 do czasu przedawnienia ewentualnych roszcze\u0144.<\/p><p class=\"p1\"><b>\u00a76. PRAWA OS\u00d3B, KT\u00d3RYCH DANE DOTYCZ\u0104<\/b><\/p><p class=\"p2\">6.1. Ka\u017cdej osobie przys\u0142uguje prawo do:<\/p><p class=\"p2\">\u2013 dost\u0119pu do swoich danych,<\/p><p class=\"p2\">\u2013 sprostowania danych,<\/p><p class=\"p2\">\u2013 usuni\u0119cia danych (\u201eprawo do bycia zapomnianym\u201d),<\/p><p class=\"p2\">\u2013 ograniczenia przetwarzania,<\/p><p class=\"p2\">\u2013 przenoszenia danych,<\/p><p class=\"p2\">\u2013 wniesienia sprzeciwu wobec przetwarzania,<\/p><p class=\"p2\">\u2013 cofni\u0119cia zgody w dowolnym momencie (bez wp\u0142ywu na zgodno\u015b\u0107 z prawem wcze\u015bniejszego przetwarzania).<\/p><p class=\"p2\">6.2. W celu realizacji swoich praw nale\u017cy skontaktowa\u0107 si\u0119 z Administratorem.<\/p><p class=\"p2\">6.3. Osoba, kt\u00f3rej dane dotycz\u0105, ma prawo wniesienia skargi do organu nadzorczego \u2013 Prezesa Urz\u0119du Ochrony Danych Osobowych.<\/p><p class=\"p1\"><b>\u00a77. DOBROWOLNO\u015a\u0106 PODANIA DANYCH<\/b><\/p><p class=\"p2\">7.1. Podanie danych osobowych jest dobrowolne, jednak ich niepodanie mo\u017ce uniemo\u017cliwi\u0107 zapis na zaj\u0119cia oraz korzystanie z us\u0142ug.<\/p><p class=\"p2\"><span class=\"s3\"><b>\u00a78. PLIKI COOKIES I MEDIA SPO\u0141ECZNO\u015aCIOWE<\/b><\/span><\/p><p class=\"p2\">8.1. W przypadku korzystania ze strony internetowej lub profili w mediach spo\u0142eczno\u015bciowych, dane mog\u0105 by\u0107 przetwarzane zgodnie z zasadami dostawc\u00f3w tych us\u0142ug.<\/p><p class=\"p2\">8.2. Administrator mo\u017ce korzysta\u0107 z narz\u0119dzi takich jak Facebook czy Instagram w celach komunikacyjnych i marketingowych.<\/p><p class=\"p1\"><b>\u00a79. POSTANOWIENIA KO\u0143COWE<\/b><\/p><p class=\"p2\">9.1. Administrator zastrzega sobie prawo do wprowadzenia zmian w niniejszej Polityce prywatno\u015bci.<\/p><p class=\"p2\">9.2. Aktualna wersja Polityki prywatno\u015bci dost\u0119pna jest na oficjalnych kana\u0142ach komunikacji SPIN &amp; SHINE.<\/p>\t\t\t\t\t\t\t\t<\/div>\n\t\t\t\t<div class=\"elementor-element elementor-element-2320d31 elementor-widget elementor-widget-spacer\" data-id=\"2320d31\" data-element_type=\"widget\" data-e-type=\"widget\" data-widget_type=\"spacer.default\">\n\t\t\t\t\t\t\t<div class=\"elementor-spacer\">\n\t\t\t<div class=\"elementor-spacer-inner\"><\/div>\n\t\t<\/div>\n\t\t\t\t\t\t<\/div>\n\t\t\t\t\t<\/div>\n\t\t\t\t<\/div>\n\t\t\t\t<\/div>\n\t\t","protected":false},"excerpt":{"rendered":"<p>Polityka prywatno\u015bci Martyna Szymaniak SPIN &amp; SHINE \u00a71. POSTANOWIENIA OG\u00d3LNE 1.1. Niniejsza Polityka prywatno\u015bci okre\u015bla zasady przetwarzania danych osobowych przez Martyna Szymaniak SPIN &amp; SHINE (dalej:\u201eAdministrator\u201d). 1.2. Administrator dok\u0142ada szczeg\u00f3lnej staranno\u015bci w celu ochrony prywatno\u015bci os\u00f3b, kt\u00f3rych dane dotycz\u0105, oraz zapewnia, \u017ce dane osobowe przetwarzane s\u0105 zgodnie z obowi\u0105zuj\u0105cymi przepisami prawa, w szczeg\u00f3lno\u015bci z Rozporz\u0105dzeniem [&hellip;]<\/p>\n","protected":false},"author":1,"featured_media":0,"parent":0,"menu_order":0,"comment_status":"closed","ping_status":"open","template":"","meta":{"footnotes":""},"class_list":["post-3","page","type-page","status-publish","hentry"],"_links":{"self":[{"href":"https:\/\/spinandshine.com.pl\/index.php?rest_route=\/wp\/v2\/pages\/3","targetHints":{"allow":["GET"]}}],"collection":[{"href":"https:\/\/spinandshine.com.pl\/index.php?rest_route=\/wp\/v2\/pages"}],"about":[{"href":"https:\/\/spinandshine.com.pl\/index.php?rest_route=\/wp\/v2\/types\/page"}],"author":[{"embeddable":true,"href":"https:\/\/spinandshine.com.pl\/index.php?rest_route=\/wp\/v2\/users\/1"}],"replies":[{"embeddable":true,"href":"https:\/\/spinandshine.com.pl\/index.php?rest_route=%2Fwp%2Fv2%2Fcomments&post=3"}],"version-history":[{"count":9,"href":"https:\/\/spinandshine.com.pl\/index.php?rest_route=\/wp\/v2\/pages\/3\/revisions"}],"predecessor-version":[{"id":613,"href":"https:\/\/spinandshine.com.pl\/index.php?rest_route=\/wp\/v2\/pages\/3\/revisions\/613"}],"wp:attachment":[{"href":"https:\/\/spinandshine.com.pl\/index.php?rest_route=%2Fwp%2Fv2%2Fmedia&parent=3"}],"curies":[{"name":"wp","href":"https:\/\/api.w.org\/{rel}","templated":true}]}}